{"id":17,"date":"2015-05-02T20:30:59","date_gmt":"2015-05-02T20:30:59","guid":{"rendered":"http:\/\/www.imengenharia.com.br\/novo\/?page_id=17"},"modified":"2015-06-22T19:39:28","modified_gmt":"2015-06-22T22:39:28","slug":"empresa","status":"publish","type":"page","link":"https:\/\/www.imengenharia.com.br\/index.php\/empresa\/","title":{"rendered":"Empresa"},"content":{"rendered":"<p>A <strong>IM Engenharia<\/strong>\u00a0foi institu\u00edda em 1998, com atividades direcionadas ao\u00a0ramo de Engenharia Consultiva, em Elabora\u00e7\u00e3o de Projetos de Infra e\u00a0Superestrutura Ferrovi\u00e1ria e Rodovi\u00e1ria, P\u00e1tios Industriais, Sistemas Vi\u00e1rios\u00a0e Arquitetura, com amplia\u00e7\u00e3o na\u00a0\u00e1rea de Gerenciamento, Supervis\u00e3o,\u00a0Fiscaliza\u00e7\u00e3o e Apoio T\u00e9cnico, Topografia e Controle Tecnol\u00f3gico na\u00a0execu\u00e7\u00e3o de obras civis.<\/p>\n<p>A IM Engenharia, por meio\u00a0da confiabilidade adquirida no decorrer dos anos\u00a0de sua atua\u00e7\u00e3o, se consolidou em tr\u00eas pilares principais:<\/p>\n<p><strong>Topografia e Georreferenciamento<\/strong>,<strong>\u00a0Projetos e Consultoria T\u00e9cnica<\/strong> e\u00a0<strong>Gerenciamento de Obras<\/strong>.<\/p>\n<p>A IM Engenharia destaca-se no mercado pelos padr\u00f5es de qualidade,\u00a0princ\u00edpios \u00e9ticos, car\u00e1ter tecnol\u00f3gico e inovador, com buscas constantes no\u00a0aprimoramento de recursos e metodologias, cujo objetivo principal \u00e9\u00a0compartilhar a satisfa\u00e7\u00e3o do cliente.<\/p>\n","protected":false},"excerpt":{"rendered":"<p>A IM Engenharia\u00a0foi institu\u00edda em 1998, com atividades direcionadas ao\u00a0ramo de Engenharia Consultiva, em Elabora\u00e7\u00e3o de Projetos de Infra e\u00a0Superestrutura Ferrovi\u00e1ria e Rodovi\u00e1ria, P\u00e1tios Industriais, Sistemas Vi\u00e1rios\u00a0e Arquitetura, com amplia\u00e7\u00e3o na\u00a0\u00e1rea de Gerenciamento, Supervis\u00e3o,\u00a0Fiscaliza\u00e7\u00e3o e Apoio T\u00e9cnico, Topografia e Controle Tecnol\u00f3gico na\u00a0execu\u00e7\u00e3o de obras civis. A IM Engenharia, por meio\u00a0da confiabilidade adquirida no decorrer dos [&hellip;]<\/p>\n","protected":false},"author":1,"featured_media":0,"parent":0,"menu_order":0,"comment_status":"open","ping_status":"open","template":"","meta":{"footnotes":""},"class_list":["post-17","page","type-page","status-publish","czr-hentry"],"_links":{"self":[{"href":"https:\/\/www.imengenharia.com.br\/index.php\/wp-json\/wp\/v2\/pages\/17","targetHints":{"allow":["GET"]}}],"collection":[{"href":"https:\/\/www.imengenharia.com.br\/index.php\/wp-json\/wp\/v2\/pages"}],"about":[{"href":"https:\/\/www.imengenharia.com.br\/index.php\/wp-json\/wp\/v2\/types\/page"}],"author":[{"embeddable":true,"href":"https:\/\/www.imengenharia.com.br\/index.php\/wp-json\/wp\/v2\/users\/1"}],"replies":[{"embeddable":true,"href":"https:\/\/www.imengenharia.com.br\/index.php\/wp-json\/wp\/v2\/comments?post=17"}],"version-history":[{"count":5,"href":"https:\/\/www.imengenharia.com.br\/index.php\/wp-json\/wp\/v2\/pages\/17\/revisions"}],"predecessor-version":[{"id":156,"href":"https:\/\/www.imengenharia.com.br\/index.php\/wp-json\/wp\/v2\/pages\/17\/revisions\/156"}],"wp:attachment":[{"href":"https:\/\/www.imengenharia.com.br\/index.php\/wp-json\/wp\/v2\/media?parent=17"}],"curies":[{"name":"wp","href":"https:\/\/api.w.org\/{rel}","templated":true}]}}