{"id":26,"date":"2015-05-02T20:33:20","date_gmt":"2015-05-02T20:33:20","guid":{"rendered":"http:\/\/www.imengenharia.com.br\/novo\/?page_id=26"},"modified":"2015-05-03T12:41:02","modified_gmt":"2015-05-03T15:41:02","slug":"missao-visao-e-valores","status":"publish","type":"page","link":"https:\/\/www.imengenharia.com.br\/index.php\/missao-visao-e-valores\/","title":{"rendered":"Miss\u00e3o, Vis\u00e3o e Valores"},"content":{"rendered":"<h3><strong>MISS\u00c3O<\/strong><\/h3>\n<p>Presta\u00e7\u00e3o de Servi\u00e7os de Engenharia de qualidade, dentro dos princ\u00edpios \u00e9ticos, maximizando valor aos seus clientes, parceiros e\u00a0colaboradores.<\/p>\n<p>&nbsp;<\/p>\n<h3><strong>VIS\u00c3O<\/strong><\/h3>\n<p>Estar entre os principais l\u00edderes do mercado e ser refer\u00eancia de excel\u00eancia nos servi\u00e7os prestados em Engenharia.<\/p>\n<p>&nbsp;<\/p>\n<h3><strong>VALORES<\/strong><\/h3>\n<ul>\n<li>Princ\u00edpio \u00e9tico e sustent\u00e1vel;<\/li>\n<li>Qualidade do produto;<\/li>\n<li>Confiabilidade dos resultados;<\/li>\n<li>Flexibilidade no atendimento ao cliente;<\/li>\n<li>Valoriza\u00e7\u00e3o de pessoas.<\/li>\n<\/ul>\n","protected":false},"excerpt":{"rendered":"<p>MISS\u00c3O Presta\u00e7\u00e3o de Servi\u00e7os de Engenharia de qualidade, dentro dos princ\u00edpios \u00e9ticos, maximizando valor aos seus clientes, parceiros e\u00a0colaboradores. &nbsp; VIS\u00c3O Estar entre os principais l\u00edderes do mercado e ser refer\u00eancia de excel\u00eancia nos servi\u00e7os prestados em Engenharia. &nbsp; VALORES Princ\u00edpio \u00e9tico e sustent\u00e1vel; Qualidade do produto; Confiabilidade dos resultados; Flexibilidade no atendimento ao cliente; [&hellip;]<\/p>\n","protected":false},"author":1,"featured_media":0,"parent":0,"menu_order":0,"comment_status":"open","ping_status":"open","template":"","meta":{"footnotes":""},"class_list":["post-26","page","type-page","status-publish","czr-hentry"],"_links":{"self":[{"href":"https:\/\/www.imengenharia.com.br\/index.php\/wp-json\/wp\/v2\/pages\/26","targetHints":{"allow":["GET"]}}],"collection":[{"href":"https:\/\/www.imengenharia.com.br\/index.php\/wp-json\/wp\/v2\/pages"}],"about":[{"href":"https:\/\/www.imengenharia.com.br\/index.php\/wp-json\/wp\/v2\/types\/page"}],"author":[{"embeddable":true,"href":"https:\/\/www.imengenharia.com.br\/index.php\/wp-json\/wp\/v2\/users\/1"}],"replies":[{"embeddable":true,"href":"https:\/\/www.imengenharia.com.br\/index.php\/wp-json\/wp\/v2\/comments?post=26"}],"version-history":[{"count":2,"href":"https:\/\/www.imengenharia.com.br\/index.php\/wp-json\/wp\/v2\/pages\/26\/revisions"}],"predecessor-version":[{"id":112,"href":"https:\/\/www.imengenharia.com.br\/index.php\/wp-json\/wp\/v2\/pages\/26\/revisions\/112"}],"wp:attachment":[{"href":"https:\/\/www.imengenharia.com.br\/index.php\/wp-json\/wp\/v2\/media?parent=26"}],"curies":[{"name":"wp","href":"https:\/\/api.w.org\/{rel}","templated":true}]}}